{"id":6747,"date":"2026-04-13T22:16:18","date_gmt":"2026-04-13T15:16:18","guid":{"rendered":"https:\/\/lienketdaotao.tcdbt.edu.vn\/?page_id=6747"},"modified":"2026-04-13T22:33:21","modified_gmt":"2026-04-13T15:33:21","slug":"tin-tuc-su-kien","status":"publish","type":"page","link":"https:\/\/lienketdaotao.tcdbt.edu.vn\/index.php\/tin-tuc-su-kien\/","title":{"rendered":"Tin t\u1ee9c &#038; S\u1ef1 ki\u1ec7n"},"content":{"rendered":"\t\t<div data-elementor-type=\"wp-page\" data-elementor-id=\"6747\" class=\"elementor elementor-6747\">\n\t\t\t\t<div class=\"elementor-element elementor-element-cc236d4 e-flex e-con-boxed e-con e-parent\" data-id=\"cc236d4\" data-element_type=\"container\" data-e-type=\"container\">\n\t\t\t\t\t<div class=\"e-con-inner\">\n\t\t<div class=\"elementor-element elementor-element-1d5a6cf e-con-full e-flex e-con e-child\" data-id=\"1d5a6cf\" data-element_type=\"container\" data-e-type=\"container\">\n\t\t\t\t<div class=\"elementor-element elementor-element-663cf08 elementor-widget elementor-widget-wp-widget-td_block_7_widget\" data-id=\"663cf08\" data-element_type=\"widget\" data-e-type=\"widget\" data-widget_type=\"wp-widget-td_block_7_widget.default\">\n\t\t\t\t<div class=\"elementor-widget-container\">\n\t\t\t\t\t<div class=\"td_block_wrap td_block_7 td_block_widget tdi_1_b32 td-pb-border-top td_block_template_4 td-column-1 td_block_padding\"  data-td-block-uid=\"tdi_1_b32\" ><script>var block_tdi_1_b32 = new tdBlock();\nblock_tdi_1_b32.id = \"tdi_1_b32\";\nblock_tdi_1_b32.atts = '{\"custom_title\":\"TIN T\\u1ee8C\",\"custom_url\":\"\",\"block_template_id\":\"td_block_template_4\",\"m6_tl\":\"\",\"post_ids\":\"\",\"category_id\":\"191\",\"category_ids\":\"\",\"tag_slug\":\"\",\"autors_id\":\"\",\"installed_post_types\":\"\",\"sort\":\"\",\"limit\":\"10\",\"offset\":\"\",\"el_class\":\"\",\"td_ajax_filter_type\":\"\",\"td_ajax_filter_ids\":\"\",\"td_filter_default_txt\":\"All\",\"td_ajax_preloading\":\"\",\"ajax_pagination\":\"\",\"ajax_pagination_infinite_stop\":\"\",\"class\":\"td_block_widget tdi_1_b32\",\"separator\":\"\",\"show_modified_date\":\"\",\"f_header_font_header\":\"\",\"f_header_font_title\":\"Block header\",\"f_header_font_settings\":\"\",\"f_header_font_family\":\"\",\"f_header_font_size\":\"\",\"f_header_font_line_height\":\"\",\"f_header_font_style\":\"\",\"f_header_font_weight\":\"\",\"f_header_font_transform\":\"\",\"f_header_font_spacing\":\"\",\"f_header_\":\"\",\"f_ajax_font_title\":\"Ajax categories\",\"f_ajax_font_settings\":\"\",\"f_ajax_font_family\":\"\",\"f_ajax_font_size\":\"\",\"f_ajax_font_line_height\":\"\",\"f_ajax_font_style\":\"\",\"f_ajax_font_weight\":\"\",\"f_ajax_font_transform\":\"\",\"f_ajax_font_spacing\":\"\",\"f_ajax_\":\"\",\"f_more_font_title\":\"Load more button\",\"f_more_font_settings\":\"\",\"f_more_font_family\":\"\",\"f_more_font_size\":\"\",\"f_more_font_line_height\":\"\",\"f_more_font_style\":\"\",\"f_more_font_weight\":\"\",\"f_more_font_transform\":\"\",\"f_more_font_spacing\":\"\",\"f_more_\":\"\",\"m6f_title_font_header\":\"\",\"m6f_title_font_title\":\"Article title\",\"m6f_title_font_settings\":\"\",\"m6f_title_font_family\":\"\",\"m6f_title_font_size\":\"\",\"m6f_title_font_line_height\":\"\",\"m6f_title_font_style\":\"\",\"m6f_title_font_weight\":\"\",\"m6f_title_font_transform\":\"\",\"m6f_title_font_spacing\":\"\",\"m6f_title_\":\"\",\"m6f_cat_font_title\":\"Article category tag\",\"m6f_cat_font_settings\":\"\",\"m6f_cat_font_family\":\"\",\"m6f_cat_font_size\":\"\",\"m6f_cat_font_line_height\":\"\",\"m6f_cat_font_style\":\"\",\"m6f_cat_font_weight\":\"\",\"m6f_cat_font_transform\":\"\",\"m6f_cat_font_spacing\":\"\",\"m6f_cat_\":\"\",\"m6f_meta_font_title\":\"Article meta info\",\"m6f_meta_font_settings\":\"\",\"m6f_meta_font_family\":\"\",\"m6f_meta_font_size\":\"\",\"m6f_meta_font_line_height\":\"\",\"m6f_meta_font_style\":\"\",\"m6f_meta_font_weight\":\"\",\"m6f_meta_font_transform\":\"\",\"m6f_meta_font_spacing\":\"\",\"m6f_meta_\":\"\",\"css\":\"\",\"tdc_css\":\"\",\"td_column_number\":1,\"header_color\":\"\",\"color_preset\":\"\",\"border_top\":\"\",\"tdc_css_class\":\"tdi_1_b32\",\"tdc_css_class_style\":\"tdi_1_b32_rand_style\"}';\nblock_tdi_1_b32.td_column_number = \"1\";\nblock_tdi_1_b32.block_type = \"td_block_7\";\nblock_tdi_1_b32.post_count = \"2\";\nblock_tdi_1_b32.found_posts = \"2\";\nblock_tdi_1_b32.header_color = \"\";\nblock_tdi_1_b32.ajax_pagination_infinite_stop = \"\";\nblock_tdi_1_b32.max_num_pages = \"1\";\ntdBlocksArray.push(block_tdi_1_b32);\n<\/script><div class=\"td-block-title-wrap\"><h4 class=\"td-block-title\"><span class=\"td-pulldown-size\">TIN T\u1ee8C<\/span><\/h4><\/div><div id=tdi_1_b32 class=\"td_block_inner\">\n\n\t<div class=\"td-block-span12\">\n\r\n        <div class=\"td_module_6 td_module_wrap td-animation-stack\">\r\n\r\n        <div class=\"td-module-thumb\"><a href=\"https:\/\/lienketdaotao.tcdbt.edu.vn\/index.php\/2026\/04\/13\/le-khai-giang-va-trao-bang-tot-nghiep-dh-nganh-ngon-ngu-anh-va-nganh-luat\/\" rel=\"bookmark\" class=\"td-image-wrap \" title=\"L\u1ec4 KHAI GI\u1ea2NG V\u00c0 TRAO B\u1eb0NG T\u1ed0T NGHI\u1ec6P \u0110H NG\u00c0NH NG\u00d4N NG\u1eee ANH V\u00c0 NG\u00c0NH LU\u1eacT\" ><img decoding=\"async\" class=\"entry-thumb\" src=\"data:image\/png;base64,iVBORw0KGgoAAAANSUhEUgAAAGQAAABGAQMAAAAASKMqAAAAA1BMVEWurq51dlI4AAAAAXRSTlMmkutdmwAAABBJREFUKM9jGAWjYBQMKwAAA9QAAQWBn6cAAAAASUVORK5CYII=\" alt=\"\" title=\"L\u1ec4 KHAI GI\u1ea2NG V\u00c0 TRAO B\u1eb0NG T\u1ed0T NGHI\u1ec6P \u0110H NG\u00c0NH NG\u00d4N NG\u1eee ANH V\u00c0 NG\u00c0NH LU\u1eacT\" data-type=\"image_tag\" data-img-url=\"https:\/\/lienketdaotao.tcdbt.edu.vn\/wp-content\/uploads\/2026\/04\/z7720939937194_8816658d787cb99161b3728abb3c2db3-1-100x70.jpg\"  width=\"100\" height=\"70\" \/><\/a><\/div>\r\n        <div class=\"item-details\">\r\n            <h3 class=\"entry-title td-module-title\"><a href=\"https:\/\/lienketdaotao.tcdbt.edu.vn\/index.php\/2026\/04\/13\/le-khai-giang-va-trao-bang-tot-nghiep-dh-nganh-ngon-ngu-anh-va-nganh-luat\/\" rel=\"bookmark\" title=\"L\u1ec4 KHAI GI\u1ea2NG V\u00c0 TRAO B\u1eb0NG T\u1ed0T NGHI\u1ec6P \u0110H NG\u00c0NH NG\u00d4N NG\u1eee ANH V\u00c0 NG\u00c0NH LU\u1eacT\">L\u1ec4 KHAI GI\u1ea2NG V\u00c0 TRAO B\u1eb0NG T\u1ed0T NGHI\u1ec6P \u0110H NG\u00c0NH NG\u00d4N...<\/a><\/h3>            <div class=\"td-module-meta-info\">\r\n                                                <span class=\"td-post-date\"><time class=\"entry-date updated td-module-date\" datetime=\"2026-04-13T15:32:44+07:00\" >13\/04\/2026<\/time><\/span>                            <\/div>\r\n        <\/div>\r\n\r\n        <\/div>\r\n\r\n        \n\t<\/div> <!-- .\/td-block-span12 -->\n\n\t<div class=\"td-block-span12\">\n\r\n        <div class=\"td_module_6 td_module_wrap td-animation-stack\">\r\n\r\n        <div class=\"td-module-thumb\"><a href=\"https:\/\/lienketdaotao.tcdbt.edu.vn\/index.php\/2026\/01\/05\/le-be-giang-ngay-13-12-2025-nganh-luat-va-ngon-ngu-anh\/\" rel=\"bookmark\" class=\"td-image-wrap \" title=\"L\u1ec5 b\u1ebf gi\u1ea3ng v\u00e0 trao b\u1eb1ng T\u1ed1t nghi\u1ec7p \u0110H Ng\u00e0nh Lu\u1eadt v\u00e0 Ng\u00f4n ng\u1eef Anh &#8211; \u0110H Hu\u1ebf\" ><img decoding=\"async\" class=\"entry-thumb\" src=\"data:image\/png;base64,iVBORw0KGgoAAAANSUhEUgAAAGQAAABGAQMAAAAASKMqAAAAA1BMVEWurq51dlI4AAAAAXRSTlMmkutdmwAAABBJREFUKM9jGAWjYBQMKwAAA9QAAQWBn6cAAAAASUVORK5CYII=\" alt=\"\" title=\"L\u1ec5 b\u1ebf gi\u1ea3ng v\u00e0 trao b\u1eb1ng T\u1ed1t nghi\u1ec7p \u0110H Ng\u00e0nh Lu\u1eadt v\u00e0 Ng\u00f4n ng\u1eef Anh &#8211; \u0110H Hu\u1ebf\" data-type=\"image_tag\" data-img-url=\"https:\/\/lienketdaotao.tcdbt.edu.vn\/wp-content\/uploads\/2026\/01\/gen-h-letotnghiep1-100x70.jpg\"  width=\"100\" height=\"70\" \/><\/a><\/div>\r\n        <div class=\"item-details\">\r\n            <h3 class=\"entry-title td-module-title\"><a href=\"https:\/\/lienketdaotao.tcdbt.edu.vn\/index.php\/2026\/01\/05\/le-be-giang-ngay-13-12-2025-nganh-luat-va-ngon-ngu-anh\/\" rel=\"bookmark\" title=\"L\u1ec5 b\u1ebf gi\u1ea3ng v\u00e0 trao b\u1eb1ng T\u1ed1t nghi\u1ec7p \u0110H Ng\u00e0nh Lu\u1eadt v\u00e0 Ng\u00f4n ng\u1eef Anh &#8211; \u0110H Hu\u1ebf\">L\u1ec5 b\u1ebf gi\u1ea3ng v\u00e0 trao b\u1eb1ng T\u1ed1t nghi\u1ec7p \u0110H Ng\u00e0nh Lu\u1eadt...<\/a><\/h3>            <div class=\"td-module-meta-info\">\r\n                                                <span class=\"td-post-date\"><time class=\"entry-date updated td-module-date\" datetime=\"2026-01-05T13:25:43+07:00\" >05\/01\/2026<\/time><\/span>                            <\/div>\r\n        <\/div>\r\n\r\n        <\/div>\r\n\r\n        \n\t<\/div> <!-- .\/td-block-span12 --><\/div><\/div> <!-- .\/block -->\t\t\t\t<\/div>\n\t\t\t\t<\/div>\n\t\t\t\t<\/div>\n\t\t<div class=\"elementor-element elementor-element-bb960f5 e-con-full e-flex e-con e-child\" data-id=\"bb960f5\" data-element_type=\"container\" data-e-type=\"container\">\n\t\t\t\t<div class=\"elementor-element elementor-element-2250a12 elementor-widget elementor-widget-wp-widget-td_block_7_widget\" data-id=\"2250a12\" data-element_type=\"widget\" data-e-type=\"widget\" data-widget_type=\"wp-widget-td_block_7_widget.default\">\n\t\t\t\t<div class=\"elementor-widget-container\">\n\t\t\t\t\t<div class=\"td_block_wrap td_block_7 td_block_widget tdi_2_9e8 td-pb-border-top td_block_template_4 tdc-no-posts td-column-1 td_block_padding\"  data-td-block-uid=\"tdi_2_9e8\" ><script>var block_tdi_2_9e8 = new tdBlock();\nblock_tdi_2_9e8.id = \"tdi_2_9e8\";\nblock_tdi_2_9e8.atts = '{\"custom_title\":\"S\\u1ef0 KI\\u1ec6N\",\"custom_url\":\"\",\"block_template_id\":\"td_block_template_4\",\"m6_tl\":\"\",\"post_ids\":\"\",\"category_id\":\"192\",\"category_ids\":\"\",\"tag_slug\":\"\",\"autors_id\":\"\",\"installed_post_types\":\"\",\"sort\":\"\",\"limit\":\"10\",\"offset\":\"\",\"el_class\":\"\",\"td_ajax_filter_type\":\"\",\"td_ajax_filter_ids\":\"\",\"td_filter_default_txt\":\"All\",\"td_ajax_preloading\":\"\",\"ajax_pagination\":\"\",\"ajax_pagination_infinite_stop\":\"\",\"class\":\"td_block_widget tdi_2_9e8\",\"separator\":\"\",\"show_modified_date\":\"\",\"f_header_font_header\":\"\",\"f_header_font_title\":\"Block header\",\"f_header_font_settings\":\"\",\"f_header_font_family\":\"\",\"f_header_font_size\":\"\",\"f_header_font_line_height\":\"\",\"f_header_font_style\":\"\",\"f_header_font_weight\":\"\",\"f_header_font_transform\":\"\",\"f_header_font_spacing\":\"\",\"f_header_\":\"\",\"f_ajax_font_title\":\"Ajax categories\",\"f_ajax_font_settings\":\"\",\"f_ajax_font_family\":\"\",\"f_ajax_font_size\":\"\",\"f_ajax_font_line_height\":\"\",\"f_ajax_font_style\":\"\",\"f_ajax_font_weight\":\"\",\"f_ajax_font_transform\":\"\",\"f_ajax_font_spacing\":\"\",\"f_ajax_\":\"\",\"f_more_font_title\":\"Load more button\",\"f_more_font_settings\":\"\",\"f_more_font_family\":\"\",\"f_more_font_size\":\"\",\"f_more_font_line_height\":\"\",\"f_more_font_style\":\"\",\"f_more_font_weight\":\"\",\"f_more_font_transform\":\"\",\"f_more_font_spacing\":\"\",\"f_more_\":\"\",\"m6f_title_font_header\":\"\",\"m6f_title_font_title\":\"Article title\",\"m6f_title_font_settings\":\"\",\"m6f_title_font_family\":\"\",\"m6f_title_font_size\":\"\",\"m6f_title_font_line_height\":\"\",\"m6f_title_font_style\":\"\",\"m6f_title_font_weight\":\"\",\"m6f_title_font_transform\":\"\",\"m6f_title_font_spacing\":\"\",\"m6f_title_\":\"\",\"m6f_cat_font_title\":\"Article category tag\",\"m6f_cat_font_settings\":\"\",\"m6f_cat_font_family\":\"\",\"m6f_cat_font_size\":\"\",\"m6f_cat_font_line_height\":\"\",\"m6f_cat_font_style\":\"\",\"m6f_cat_font_weight\":\"\",\"m6f_cat_font_transform\":\"\",\"m6f_cat_font_spacing\":\"\",\"m6f_cat_\":\"\",\"m6f_meta_font_title\":\"Article meta info\",\"m6f_meta_font_settings\":\"\",\"m6f_meta_font_family\":\"\",\"m6f_meta_font_size\":\"\",\"m6f_meta_font_line_height\":\"\",\"m6f_meta_font_style\":\"\",\"m6f_meta_font_weight\":\"\",\"m6f_meta_font_transform\":\"\",\"m6f_meta_font_spacing\":\"\",\"m6f_meta_\":\"\",\"css\":\"\",\"tdc_css\":\"\",\"td_column_number\":1,\"header_color\":\"\",\"color_preset\":\"\",\"border_top\":\"\",\"tdc_css_class\":\"tdi_2_9e8\",\"tdc_css_class_style\":\"tdi_2_9e8_rand_style\"}';\nblock_tdi_2_9e8.td_column_number = \"1\";\nblock_tdi_2_9e8.block_type = \"td_block_7\";\nblock_tdi_2_9e8.post_count = \"0\";\nblock_tdi_2_9e8.found_posts = \"0\";\nblock_tdi_2_9e8.header_color = \"\";\nblock_tdi_2_9e8.ajax_pagination_infinite_stop = \"\";\nblock_tdi_2_9e8.max_num_pages = \"0\";\ntdBlocksArray.push(block_tdi_2_9e8);\n<\/script><div class=\"td-block-title-wrap\"><h4 class=\"td-block-title\"><span class=\"td-pulldown-size\">S\u1ef0 KI\u1ec6N<\/span><\/h4><\/div><div id=tdi_2_9e8 class=\"td_block_inner\"><\/div><\/div> <!-- .\/block -->\t\t\t\t<\/div>\n\t\t\t\t<\/div>\n\t\t\t\t<\/div>\n\t\t\t\t\t<\/div>\n\t\t\t\t<\/div>\n\t\t\t\t<\/div>\n\t\t","protected":false},"excerpt":{"rendered":"","protected":false},"author":1,"featured_media":0,"parent":0,"menu_order":0,"comment_status":"closed","ping_status":"closed","template":"","meta":{"footnotes":""},"class_list":["post-6747","page","type-page","status-publish"],"_links":{"self":[{"href":"https:\/\/lienketdaotao.tcdbt.edu.vn\/index.php\/wp-json\/wp\/v2\/pages\/6747","targetHints":{"allow":["GET"]}}],"collection":[{"href":"https:\/\/lienketdaotao.tcdbt.edu.vn\/index.php\/wp-json\/wp\/v2\/pages"}],"about":[{"href":"https:\/\/lienketdaotao.tcdbt.edu.vn\/index.php\/wp-json\/wp\/v2\/types\/page"}],"author":[{"embeddable":true,"href":"https:\/\/lienketdaotao.tcdbt.edu.vn\/index.php\/wp-json\/wp\/v2\/users\/1"}],"replies":[{"embeddable":true,"href":"https:\/\/lienketdaotao.tcdbt.edu.vn\/index.php\/wp-json\/wp\/v2\/comments?post=6747"}],"version-history":[{"count":22,"href":"https:\/\/lienketdaotao.tcdbt.edu.vn\/index.php\/wp-json\/wp\/v2\/pages\/6747\/revisions"}],"predecessor-version":[{"id":6770,"href":"https:\/\/lienketdaotao.tcdbt.edu.vn\/index.php\/wp-json\/wp\/v2\/pages\/6747\/revisions\/6770"}],"wp:attachment":[{"href":"https:\/\/lienketdaotao.tcdbt.edu.vn\/index.php\/wp-json\/wp\/v2\/media?parent=6747"}],"curies":[{"name":"wp","href":"https:\/\/api.w.org\/{rel}","templated":true}]}}